{"id":28,"date":"2020-12-26T09:36:28","date_gmt":"2020-12-26T09:36:28","guid":{"rendered":"https:\/\/souvenirarte.net\/?page_id=28"},"modified":"2025-08-04T14:14:24","modified_gmt":"2025-08-04T14:14:24","slug":"souvenir-arte","status":"publish","type":"page","link":"https:\/\/souvenirarte.net\/","title":{"rendered":"Home"},"content":{"rendered":"\n\n\n\n<div class=\"wp-block-cover alignfull is-light\" style=\"min-height:602px;aspect-ratio:unset;\"><span aria-hidden=\"true\" class=\"wp-block-cover__background has-background-dim-100 has-background-dim\" style=\"background-color:#ffffff\"><\/span><div class=\"wp-block-cover__inner-container is-layout-flow wp-block-cover-is-layout-flow\">\n<div class=\"wp-block-media-text alignwide is-stacked-on-mobile is-vertically-aligned-center is-image-fill-element\" style=\"grid-template-columns:56% auto\"><figure class=\"wp-block-media-text__media\"><img loading=\"lazy\" decoding=\"async\" width=\"1024\" height=\"504\" src=\"https:\/\/souvenirarte.net\/wp-content\/uploads\/2025\/07\/cropped-03-scaled-1-1024x504.jpg\" alt=\"\" class=\"wp-image-12322 size-full\" style=\"object-position:50% 50%\" srcset=\"https:\/\/souvenirarte.net\/wp-content\/uploads\/2025\/07\/cropped-03-scaled-1-1024x504.jpg 1024w, https:\/\/souvenirarte.net\/wp-content\/uploads\/2025\/07\/cropped-03-scaled-1-300x148.jpg 300w, https:\/\/souvenirarte.net\/wp-content\/uploads\/2025\/07\/cropped-03-scaled-1-768x378.jpg 768w, https:\/\/souvenirarte.net\/wp-content\/uploads\/2025\/07\/cropped-03-scaled-1-scaled.jpg 1200w\" sizes=\"auto, (max-width: 1024px) 100vw, 1024px\" \/><\/figure><div class=\"wp-block-media-text__content\">\n<h2 class=\"wp-block-heading has-text-color\" style=\"color:#000000;font-size:32px\"><strong>CHI SIAMO<\/strong><\/h2>\n\n\n\n<p class=\"has-text-color\" style=\"color:#000000;font-size:17px\"><strong>Souvenir Arte<\/strong> \u00e8 una giovane azienda italiana specializzata nell\u2019ideazione e nella creazione di oggetti artistici in resina, in polvere di marmo, legno, canvas, come <strong>souvenir<\/strong> per le citt\u00e0 turistiche, <strong>gadget<\/strong> personalizzati per attivit\u00e0 commerciali e privati e <strong>articoli religiosi<\/strong>.<br><strong>Tutti rigorosamente fatti a mano in Italia.<\/strong><br>La nostra missione per i souvenir dedicati al turismo \u00e8 <strong>valorizzare i nostri prodotti<\/strong> ricercando le caratteristiche e le bellezze dell\u2019Italia e riproponendole nelle nostre creazioni attraverso nuovi effetti, decori e materiali innovativi.<br>Le personalizzazioni dei prodotti vengono studiate per ogni cliente affinch\u00e9 ogni pezzo sia <strong>unico<\/strong> nel suo genere e adatto al suo scopo, sia questo la rivendita, il regalo o il ricordo.<\/p>\n\n\n\n<div class=\"wp-block-buttons is-layout-flex wp-block-buttons-is-layout-flex\">\n<div class=\"wp-block-button is-style-fill\"><a class=\"wp-block-button__link wp-element-button\" href=\"https:\/\/youtu.be\/plQVg6BGQo8?si=nal0lA4MhmDTfb0p\" style=\"border-style:none;border-width:0px;border-radius:33px\">Guarda il video della produzione<\/a><\/div>\n<\/div>\n<\/div><\/div>\n<\/div><\/div>\n\n\n\n<h2 class=\"wp-block-heading has-text-align-center has-ast-global-color-0-color has-text-color has-link-color wp-elements-1bd0c04f55b616cbe598e301cfd83208\"><strong><em>I NOSTRI PUNTI DI FORZA<\/em><\/strong><\/h2>\n\n\n\n<div class=\"wp-block-columns alignfull has-ast-global-color-0-background-color has-text-color has-background is-layout-flex wp-container-core-columns-is-layout-28f84493 wp-block-columns-is-layout-flex\" style=\"color:#000000\">\n<div class=\"wp-block-column is-layout-flow wp-block-column-is-layout-flow\">\n<h3 class=\"wp-block-heading\" style=\"font-size:24px;line-height:1.3\"><strong>CREATIVITA&#8217;<\/strong><\/h3>\n\n\n\n<p>Consulenza grafica gratuita nella creazione dell&#8217;articolo\/gadget. Studiamo insieme al cliente il materiale e la forma migliore per una resa finale ottimale e adatta al tipo di comunicazione.<\/p>\n<\/div>\n\n\n\n<div class=\"wp-block-column is-layout-flow wp-block-column-is-layout-flow\">\n<h3 class=\"wp-block-heading\" style=\"font-size:24px;line-height:1.3\"><strong>PERSONALIZZAZIONE<\/strong><\/h3>\n\n\n\n<p>Offriamo la possibilit\u00e0 di personalizzare i nostri articoli nella forma, dimensione e grafica. Non c&#8217;\u00e8 limite di quantit\u00e0 ed \u00e8 possibile realizzare anche un pezzo unico.<\/p>\n<\/div>\n\n\n\n<div class=\"wp-block-column is-layout-flow wp-block-column-is-layout-flow\">\n<h3 class=\"wp-block-heading\" style=\"font-size:24px;line-height:1.3\"><strong>LAVORO ARTIGIANALE<\/strong><\/h3>\n\n\n\n<p>La lavorazione artigianale come la resinatura, la scultura e la pittura vengono realizzate a mano pezzo per pezzo, cos\u00ec come la composizione finale, dando a ogni oggetto unicit\u00e0 e valorizzando il Made in Italy.<\/p>\n<\/div>\n<\/div>\n\n\n\n<p><\/p>\n\n\n\n<div class=\"wp-block-group alignfull is-content-justification-center is-layout-constrained wp-container-core-group-is-layout-6c5c5981 wp-block-group-is-layout-constrained\" style=\"border-style:none;border-width:0px;margin-top:0;margin-bottom:0;padding-top:var(--wp--preset--spacing--40);padding-right:0;padding-bottom:var(--wp--preset--spacing--40);padding-left:0\">\n<figure class=\"wp-block-gallery alignwide has-nested-images columns-default is-cropped wp-block-gallery-1 is-layout-flex wp-block-gallery-is-layout-flex\">\n<figure class=\"wp-block-image size-large\"><img loading=\"lazy\" decoding=\"async\" width=\"1024\" height=\"818\" data-id=\"12334\" src=\"https:\/\/souvenirarte.net\/wp-content\/uploads\/2025\/07\/magnete-tridimensionale-2-1024x818.jpg\" alt=\"\" class=\"wp-image-12334\" srcset=\"https:\/\/souvenirarte.net\/wp-content\/uploads\/2025\/07\/magnete-tridimensionale-2-1024x818.jpg 1024w, https:\/\/souvenirarte.net\/wp-content\/uploads\/2025\/07\/magnete-tridimensionale-2-300x240.jpg 300w, https:\/\/souvenirarte.net\/wp-content\/uploads\/2025\/07\/magnete-tridimensionale-2-768x614.jpg 768w, https:\/\/souvenirarte.net\/wp-content\/uploads\/2025\/07\/magnete-tridimensionale-2-1536x1227.jpg 1536w, https:\/\/souvenirarte.net\/wp-content\/uploads\/2025\/07\/magnete-tridimensionale-2-2048x1636.jpg 2048w, https:\/\/souvenirarte.net\/wp-content\/uploads\/2025\/07\/magnete-tridimensionale-2-scaled.jpg 1200w\" sizes=\"auto, (max-width: 1024px) 100vw, 1024px\" \/><\/figure>\n\n\n\n<figure class=\"wp-block-image size-large\"><img loading=\"lazy\" decoding=\"async\" width=\"1024\" height=\"818\" data-id=\"12337\" src=\"https:\/\/souvenirarte.net\/wp-content\/uploads\/2025\/07\/pc-1024x818.jpg\" alt=\"\" class=\"wp-image-12337\" srcset=\"https:\/\/souvenirarte.net\/wp-content\/uploads\/2025\/07\/pc-1024x818.jpg 1024w, https:\/\/souvenirarte.net\/wp-content\/uploads\/2025\/07\/pc-300x240.jpg 300w, https:\/\/souvenirarte.net\/wp-content\/uploads\/2025\/07\/pc-768x614.jpg 768w, https:\/\/souvenirarte.net\/wp-content\/uploads\/2025\/07\/pc-1536x1227.jpg 1536w, https:\/\/souvenirarte.net\/wp-content\/uploads\/2025\/07\/pc-2048x1636.jpg 2048w, https:\/\/souvenirarte.net\/wp-content\/uploads\/2025\/07\/pc-scaled.jpg 1200w\" sizes=\"auto, (max-width: 1024px) 100vw, 1024px\" \/><\/figure>\n<\/figure>\n<\/div>\n\n\n\n<div class=\"wp-block-columns alignwide is-layout-flex wp-container-core-columns-is-layout-d2da2050 wp-block-columns-is-layout-flex\" style=\"margin-bottom:0\">\n<div class=\"wp-block-column has-vivid-green-cyan-background-color has-text-color has-background has-link-color wp-elements-d91e277841f8cb2e7d3a286a287ce824 is-layout-flow wp-block-column-is-layout-flow\" style=\"color:#000000;padding-top:2em;padding-right:2em;padding-bottom:2em;padding-left:2em\">\n<h2 class=\"wp-block-heading\" id=\"single\" style=\"font-size:40px\"><strong>Souvenir<\/strong><\/h2>\n\n\n\n<p class=\"has-normal-font-size\" style=\"line-height:1.5\"><strong>Souvenirs turistici personalizzabili<\/strong><\/p>\n\n\n\n<hr class=\"wp-block-separator has-text-color has-css-opacity has-background is-style-wide\" style=\"background-color:#000000;color:#000000\"\/>\n\n\n\n<ul class=\"wp-block-list has-normal-font-size\">\n<li>Magneti in resina, canvas, vinile, legno, polvere di marmo.<\/li>\n\n\n\n<li>Miniature in polvere di marmo.<\/li>\n\n\n\n<li>Portachiavi in resina e metallo, segnalibri, quadretti e molto altro.<\/li>\n<\/ul>\n\n\n\n<div class=\"wp-block-buttons alignfull is-horizontal is-content-justification-center is-layout-flex wp-container-core-buttons-is-layout-03627597 wp-block-buttons-is-layout-flex\">\n<div class=\"wp-block-button has-custom-width wp-block-button__width-100 is-style-fill\"><a class=\"wp-block-button__link has-black-color has-white-background-color has-text-color has-background wp-element-button\" href=\"https:\/\/souvenirarte.net\/?page_id=90\" style=\"border-radius:30px\">Scopri di pi\u00f9<\/a><\/div>\n<\/div>\n<\/div>\n\n\n\n<div class=\"wp-block-column has-white-background-color has-text-color has-background has-link-color wp-elements-604e3907d6d1468914845dfebeda92c9 is-layout-flow wp-block-column-is-layout-flow\" style=\"color:#000000;padding-top:2em;padding-right:2em;padding-bottom:2em;padding-left:2em\">\n<h2 class=\"wp-block-heading\" id=\"family\" style=\"font-size:40px\"><strong>Arte Sacra<\/strong><\/h2>\n\n\n\n<p class=\"has-normal-font-size\" style=\"line-height:1.5\"><strong>Articoli religiosi personalizzabili<\/strong><\/p>\n\n\n\n<hr class=\"wp-block-separator has-css-opacity is-style-wide\"\/>\n\n\n\n<ul class=\"wp-block-list has-normal-font-size\">\n<li>Articoli per funzioni, cerimonie e sacramenti.<\/li>\n\n\n\n<li>Oggettistica religiosa in resina e polvere di marmo, anche personalizzata.<\/li>\n\n\n\n<li>Crocifissi, collanine, immagini sacre, quadretti, oggetti ricordo e molto altro.<\/li>\n<\/ul>\n\n\n\n<div class=\"wp-block-buttons alignfull is-horizontal is-content-justification-center is-layout-flex wp-container-core-buttons-is-layout-03627597 wp-block-buttons-is-layout-flex\">\n<div class=\"wp-block-button has-custom-width wp-block-button__width-100 is-style-fill\"><a class=\"wp-block-button__link has-white-color has-ast-global-color-0-background-color has-text-color has-background wp-element-button\" href=\"https:\/\/souvenirarte.net\/?page_id=11432\" style=\"border-radius:30px\">Scopri di pi\u00f9<\/a><\/div>\n<\/div>\n<\/div>\n\n\n\n<div class=\"wp-block-column has-text-color has-background has-link-color wp-elements-4c5731979a2cea32062d2b77e32a33c2 is-layout-flow wp-block-column-is-layout-flow\" style=\"color:#000000;background-color:#e94e4e;padding-top:2em;padding-right:2em;padding-bottom:2em;padding-left:2em\">\n<h2 class=\"wp-block-heading\" id=\"patron\" style=\"font-size:40px\"><strong>Gadgets<\/strong><\/h2>\n\n\n\n<p class=\"has-normal-font-size\"><strong>Personalizzati per ogni clientela<\/strong><\/p>\n\n\n\n<hr class=\"wp-block-separator has-css-opacity is-style-wide\"\/>\n\n\n\n<ul class=\"wp-block-list has-normal-font-size\">\n<li>Portachiavi e magneti sagomati in resina.<\/li>\n\n\n\n<li>Targhe in resina e marmo.<\/li>\n\n\n\n<li>Quadri, spille, segnalibri e molto altro.<\/li>\n<\/ul>\n\n\n\n<div class=\"wp-block-buttons alignfull is-horizontal is-content-justification-center is-layout-flex wp-container-core-buttons-is-layout-03627597 wp-block-buttons-is-layout-flex\">\n<div class=\"wp-block-button has-custom-width wp-block-button__width-100\"><a class=\"wp-block-button__link has-black-color has-white-background-color has-text-color has-background wp-element-button\" href=\"https:\/\/souvenirarte.net\/?page_id=12459\" style=\"border-radius:30px\">Scopri di pi\u00f9<\/a><\/div>\n<\/div>\n<\/div>\n<\/div>\n\n\n\n<div style=\"height:63px\" aria-hidden=\"true\" class=\"wp-block-spacer\"><\/div>\n\n\n\n<p><\/p>\n","protected":false},"excerpt":{"rendered":"<p>I NOSTRI PUNTI DI FORZA CREATIVITA&#8217; Consulenza grafica gratuita nella creazione dell&#8217;articolo\/gadget. Studiamo insieme al cliente il materiale e la [&hellip;]<\/p>\n","protected":false},"author":1,"featured_media":0,"parent":0,"menu_order":0,"comment_status":"closed","ping_status":"closed","template":"","meta":{"site-sidebar-layout":"default","site-content-layout":"","ast-site-content-layout":"default","site-content-style":"default","site-sidebar-style":"default","ast-global-header-display":"","ast-banner-title-visibility":"","ast-main-header-display":"","ast-hfb-above-header-display":"","ast-hfb-below-header-display":"","ast-hfb-mobile-header-display":"","site-post-title":"","ast-breadcrumbs-content":"","ast-featured-img":"","footer-sml-layout":"","ast-disable-related-posts":"","theme-transparent-header-meta":"","adv-header-id-meta":"","stick-header-meta":"","header-above-stick-meta":"","header-main-stick-meta":"","header-below-stick-meta":"","astra-migrate-meta-layouts":"default","ast-page-background-enabled":"default","ast-page-background-meta":{"desktop":{"background-color":"var(--ast-global-color-5)","background-image":"","background-repeat":"repeat","background-position":"center center","background-size":"auto","background-attachment":"scroll","background-type":"","background-media":"","overlay-type":"","overlay-color":"","overlay-opacity":"","overlay-gradient":""},"tablet":{"background-color":"","background-image":"","background-repeat":"repeat","background-position":"center center","background-size":"auto","background-attachment":"scroll","background-type":"","background-media":"","overlay-type":"","overlay-color":"","overlay-opacity":"","overlay-gradient":""},"mobile":{"background-color":"","background-image":"","background-repeat":"repeat","background-position":"center center","background-size":"auto","background-attachment":"scroll","background-type":"","background-media":"","overlay-type":"","overlay-color":"","overlay-opacity":"","overlay-gradient":""}},"ast-content-background-meta":{"desktop":{"background-color":"var(--ast-global-color-4)","background-image":"","background-repeat":"repeat","background-position":"center center","background-size":"auto","background-attachment":"scroll","background-type":"","background-media":"","overlay-type":"","overlay-color":"","overlay-opacity":"","overlay-gradient":""},"tablet":{"background-color":"var(--ast-global-color-4)","background-image":"","background-repeat":"repeat","background-position":"center center","background-size":"auto","background-attachment":"scroll","background-type":"","background-media":"","overlay-type":"","overlay-color":"","overlay-opacity":"","overlay-gradient":""},"mobile":{"background-color":"var(--ast-global-color-4)","background-image":"","background-repeat":"repeat","background-position":"center center","background-size":"auto","background-attachment":"scroll","background-type":"","background-media":"","overlay-type":"","overlay-color":"","overlay-opacity":"","overlay-gradient":""}},"footnotes":""},"class_list":["post-28","page","type-page","status-publish","hentry"],"_links":{"self":[{"href":"https:\/\/souvenirarte.net\/index.php?rest_route=\/wp\/v2\/pages\/28","targetHints":{"allow":["GET"]}}],"collection":[{"href":"https:\/\/souvenirarte.net\/index.php?rest_route=\/wp\/v2\/pages"}],"about":[{"href":"https:\/\/souvenirarte.net\/index.php?rest_route=\/wp\/v2\/types\/page"}],"author":[{"embeddable":true,"href":"https:\/\/souvenirarte.net\/index.php?rest_route=\/wp\/v2\/users\/1"}],"replies":[{"embeddable":true,"href":"https:\/\/souvenirarte.net\/index.php?rest_route=%2Fwp%2Fv2%2Fcomments&post=28"}],"version-history":[{"count":124,"href":"https:\/\/souvenirarte.net\/index.php?rest_route=\/wp\/v2\/pages\/28\/revisions"}],"predecessor-version":[{"id":12503,"href":"https:\/\/souvenirarte.net\/index.php?rest_route=\/wp\/v2\/pages\/28\/revisions\/12503"}],"wp:attachment":[{"href":"https:\/\/souvenirarte.net\/index.php?rest_route=%2Fwp%2Fv2%2Fmedia&parent=28"}],"curies":[{"name":"wp","href":"https:\/\/api.w.org\/{rel}","templated":true}]}}